{"id":2,"date":"2025-02-23T17:21:38","date_gmt":"2025-02-23T17:21:38","guid":{"rendered":"https:\/\/kunst.kircher.wien\/?page_id=2"},"modified":"2025-03-26T17:02:34","modified_gmt":"2025-03-26T16:02:34","slug":"sample-page","status":"publish","type":"page","link":"https:\/\/kunst.kircher.wien\/?page_id=2","title":{"rendered":"Kurzer Steckbrief"},"content":{"rendered":"\n<p><strong>Eine Reise zur Kunst<\/strong><\/p>\n\n\n\n<p>Ich wurde im Februar 1967 in der Steiermark geboren, habe im Juni 1996 geheiratet und lebt seit 1999 in Wien. Seitdem hat mein Leben zahlreiche Kapitel meines pers\u00f6nlichen und beruflichen Lebens geschrieben.<\/p>\n\n\n\n<p>Ein entscheidender Wendepunkt  war 2023 ein Burnout, das mich schlie\u00dflich im Herbst 2024  zur Malerei f\u00fchrte. Diese schwierige Phase erwies sich als unerwarteter Segen: Die Kunst wurde f\u00fcr mich nicht nur ein Weg, mit den Herausforderungen des Lebens umzugehen, sondern auch eine Quelle tiefer Erf\u00fcllung.<\/p>\n\n\n\n<p>Mit Vorliebe arbeite ich mit Acryl auf Leinwand. Meine Werke spiegeln nicht nur Emotionen wider, sondern auch die Freiheit und Kraft, die ich durch die Malerei gefunden hat. Farben und Formen sind f\u00fcr mich eine Sprache, in der ich meine Gedanken und Gef\u00fchle ausdr\u00fccken kann. <\/p>\n\n\n\n<p>Meine Geschichte soll zeigt, dass es manchmal die unerwarteten Wege sind, die uns zu uns selbst f\u00fchren. Und dass es nie zu sp\u00e4t ist, eine neue Leidenschaft zu entdecken. So hoffe ich das ich auch das eine oder andere Bild verkaufen kann, und  mit den  Inspirationen voller Hoffnung, die Herzen anderer Menschen erreiche.<\/p>\n\n\n\n<p>Have fun!<\/p>\n","protected":false},"excerpt":{"rendered":"<p>Eine Reise zur Kunst Ich wurde im Februar 1967 in der Steiermark geboren, habe im Juni 1996 geheiratet und lebt seit 1999 in Wien. Seitdem hat mein Leben zahlreiche Kapitel meines pers\u00f6nlichen und beruflichen Lebens geschrieben. Ein entscheidender Wendepunkt war 2023 ein Burnout, das mich schlie\u00dflich im Herbst 2024 zur Malerei f\u00fchrte. Diese schwierige Phase [&hellip;]<\/p>\n","protected":false},"author":1,"featured_media":50,"parent":0,"menu_order":0,"comment_status":"closed","ping_status":"open","template":"","meta":{"footnotes":""},"class_list":["post-2","page","type-page","status-publish","has-post-thumbnail","hentry"],"_links":{"self":[{"href":"https:\/\/kunst.kircher.wien\/index.php?rest_route=\/wp\/v2\/pages\/2","targetHints":{"allow":["GET"]}}],"collection":[{"href":"https:\/\/kunst.kircher.wien\/index.php?rest_route=\/wp\/v2\/pages"}],"about":[{"href":"https:\/\/kunst.kircher.wien\/index.php?rest_route=\/wp\/v2\/types\/page"}],"author":[{"embeddable":true,"href":"https:\/\/kunst.kircher.wien\/index.php?rest_route=\/wp\/v2\/users\/1"}],"replies":[{"embeddable":true,"href":"https:\/\/kunst.kircher.wien\/index.php?rest_route=%2Fwp%2Fv2%2Fcomments&post=2"}],"version-history":[{"count":3,"href":"https:\/\/kunst.kircher.wien\/index.php?rest_route=\/wp\/v2\/pages\/2\/revisions"}],"predecessor-version":[{"id":71,"href":"https:\/\/kunst.kircher.wien\/index.php?rest_route=\/wp\/v2\/pages\/2\/revisions\/71"}],"wp:featuredmedia":[{"embeddable":true,"href":"https:\/\/kunst.kircher.wien\/index.php?rest_route=\/wp\/v2\/media\/50"}],"wp:attachment":[{"href":"https:\/\/kunst.kircher.wien\/index.php?rest_route=%2Fwp%2Fv2%2Fmedia&parent=2"}],"curies":[{"name":"wp","href":"https:\/\/api.w.org\/{rel}","templated":true}]}}